{"id":1155,"date":"2022-10-28T14:16:41","date_gmt":"2022-10-28T12:16:41","guid":{"rendered":"https:\/\/ticinoweb02.jcloud.ik-server.com\/grottoalritrovo\/au-dessus-des-etats-unis\/"},"modified":"2023-03-24T12:00:54","modified_gmt":"2023-03-24T11:00:54","slug":"au-dessus-des-etats-unis","status":"publish","type":"page","link":"https:\/\/grottoalritrovo.ch\/fr\/au-dessus-des-etats-unis\/","title":{"rendered":"Sur nous"},"content":{"rendered":"\t\t<div data-elementor-type=\"wp-page\" data-elementor-id=\"1155\" class=\"elementor elementor-1155 elementor-119\" data-elementor-post-type=\"page\">\n\t\t\t\t\t\t<section class=\"elementor-section elementor-top-section elementor-element elementor-element-446f0ca4 elementor-section-boxed elementor-section-height-default elementor-section-height-default\" data-id=\"446f0ca4\" data-element_type=\"section\" data-e-type=\"section\" data-settings=\"{&quot;background_background&quot;:&quot;classic&quot;}\">\n\t\t\t\t\t\t<div class=\"elementor-container elementor-column-gap-default\">\n\t\t\t\t\t<div class=\"elementor-column elementor-col-100 elementor-top-column elementor-element elementor-element-722695de\" data-id=\"722695de\" data-element_type=\"column\" data-e-type=\"column\">\n\t\t\t<div class=\"elementor-widget-wrap elementor-element-populated\">\n\t\t\t\t\t\t\t<\/div>\n\t\t<\/div>\n\t\t\t\t\t<\/div>\n\t\t<\/section>\n\t\t\t\t<section class=\"elementor-section elementor-top-section elementor-element elementor-element-1dc8b94d elementor-section-content-middle elementor-section-boxed elementor-section-height-default elementor-section-height-default\" data-id=\"1dc8b94d\" data-element_type=\"section\" data-e-type=\"section\">\n\t\t\t\t\t\t<div class=\"elementor-container elementor-column-gap-default\">\n\t\t\t\t\t<div class=\"elementor-column elementor-col-50 elementor-top-column elementor-element elementor-element-2af191cf\" data-id=\"2af191cf\" data-element_type=\"column\" data-e-type=\"column\">\n\t\t\t<div class=\"elementor-widget-wrap elementor-element-populated\">\n\t\t\t\t\t\t<div class=\"elementor-element elementor-element-07336e4 elementor-widget elementor-widget-image-carousel\" data-id=\"07336e4\" data-element_type=\"widget\" data-e-type=\"widget\" data-settings=\"{&quot;slides_to_show&quot;:&quot;1&quot;,&quot;navigation&quot;:&quot;none&quot;,&quot;lazyload&quot;:&quot;yes&quot;,&quot;autoplay&quot;:&quot;yes&quot;,&quot;pause_on_hover&quot;:&quot;yes&quot;,&quot;pause_on_interaction&quot;:&quot;yes&quot;,&quot;autoplay_speed&quot;:5000,&quot;infinite&quot;:&quot;yes&quot;,&quot;effect&quot;:&quot;slide&quot;,&quot;speed&quot;:500}\" data-widget_type=\"image-carousel.default\">\n\t\t\t\t<div class=\"elementor-widget-container\">\n\t\t\t\t\t\t\t<div class=\"elementor-image-carousel-wrapper swiper\" role=\"region\" aria-roledescription=\"carousel\" aria-label=\"Carrousel d\u2019images\" dir=\"ltr\">\n\t\t\t<div class=\"elementor-image-carousel swiper-wrapper\" aria-live=\"off\">\n\t\t\t\t\t\t\t\t<div class=\"swiper-slide\" role=\"group\" aria-roledescription=\"slide\" aria-label=\"1 sur 2\"><figure class=\"swiper-slide-inner\"><img class=\"swiper-slide-image swiper-lazy\" data-src=\"https:\/\/grottoalritrovo.ch\/wp-content\/uploads\/sites\/60\/elementor\/thumbs\/elo-e-cri-3-q8jgfihmni6ep428yuy1lhtvlqjzpodd13w1dyj8nc.jpg\" alt=\"elo-e-cri-3\" \/><div class=\"swiper-lazy-preloader\"><\/div><\/figure><\/div><div class=\"swiper-slide\" role=\"group\" aria-roledescription=\"slide\" aria-label=\"2 sur 2\"><figure class=\"swiper-slide-inner\"><img class=\"swiper-slide-image swiper-lazy\" data-src=\"https:\/\/grottoalritrovo.ch\/wp-content\/uploads\/sites\/60\/elementor\/thumbs\/elo-e-criok-q8jgfjfguc7p0q0vtdco5zlc74fcxdh3d8jiv8huh4.jpg\" alt=\"elo-e-criok\" \/><div class=\"swiper-lazy-preloader\"><\/div><\/figure><\/div>\t\t\t<\/div>\n\t\t\t\t\t\t\t\n\t\t\t\t\t\t\t\t\t<\/div>\n\t\t\t\t\t\t<\/div>\n\t\t\t\t<\/div>\n\t\t\t\t\t<\/div>\n\t\t<\/div>\n\t\t\t\t<div class=\"elementor-column elementor-col-50 elementor-top-column elementor-element elementor-element-3373aa45\" data-id=\"3373aa45\" data-element_type=\"column\" data-e-type=\"column\">\n\t\t\t<div class=\"elementor-widget-wrap elementor-element-populated\">\n\t\t\t\t\t\t<div class=\"elementor-element elementor-element-431ebae0 elementor-widget elementor-widget-heading\" data-id=\"431ebae0\" data-element_type=\"widget\" data-e-type=\"widget\" data-widget_type=\"heading.default\">\n\t\t\t\t<div class=\"elementor-widget-container\">\n\t\t\t\t\t<h2 class=\"elementor-heading-title elementor-size-default\">Notre histoire<\/h2>\t\t\t\t<\/div>\n\t\t\t\t<\/div>\n\t\t\t\t<div class=\"elementor-element elementor-element-6871350 elementor-widget elementor-widget-text-editor\" data-id=\"6871350\" data-element_type=\"widget\" data-e-type=\"widget\" data-widget_type=\"text-editor.default\">\n\t\t\t\t<div class=\"elementor-widget-container\">\n\t\t\t\t\t\t\t\t\t<p>Nous nous pr\u00e9sentons, nous sommes Elo\u00efse et Cristian Fusetti. Nous nous sommes rencontr\u00e9s en 2012 lorsque Cristian a commenc\u00e9 \u00e0 travailler \u00e0 Ascona, o\u00f9 Elo\u00efse travaillait d\u00e9j\u00e0.<\/p>\n<p>Nous avons tout de suite sympathis\u00e9 et, \u00e0 partir de l\u00e0, nous avons trouv\u00e9 un chemin commun dans la vie. En 2017, nous devenons, comme nous aimons nous appeler, I Fusetti&#8230; un nouveau d\u00e9part !<\/p>\n<p>Exactement un an apr\u00e8s notre mariage, nous avons d\u00e9cid\u00e9 de nous lancer dans une toute nouvelle aventure, un d\u00e9fi personnel et un grand d\u00e9fi en tant que couple.<\/p>\n\t\t\t\t\t\t\t\t<\/div>\n\t\t\t\t<\/div>\n\t\t\t\t<div class=\"elementor-element elementor-element-1005c20c elementor-widget elementor-widget-spacer\" data-id=\"1005c20c\" data-element_type=\"widget\" data-e-type=\"widget\" data-widget_type=\"spacer.default\">\n\t\t\t\t<div class=\"elementor-widget-container\">\n\t\t\t\t\t\t\t<div class=\"elementor-spacer\">\n\t\t\t<div class=\"elementor-spacer-inner\"><\/div>\n\t\t<\/div>\n\t\t\t\t\t\t<\/div>\n\t\t\t\t<\/div>\n\t\t\t\t\t<\/div>\n\t\t<\/div>\n\t\t\t\t\t<\/div>\n\t\t<\/section>\n\t\t\t\t<section class=\"elementor-section elementor-top-section elementor-element elementor-element-1855a1c5 elementor-section-content-middle elementor-section-boxed elementor-section-height-default elementor-section-height-default\" data-id=\"1855a1c5\" data-element_type=\"section\" data-e-type=\"section\">\n\t\t\t\t\t\t<div class=\"elementor-container elementor-column-gap-default\">\n\t\t\t\t\t<div class=\"elementor-column elementor-col-50 elementor-top-column elementor-element elementor-element-6048e8c3\" data-id=\"6048e8c3\" data-element_type=\"column\" data-e-type=\"column\">\n\t\t\t<div class=\"elementor-widget-wrap elementor-element-populated\">\n\t\t\t\t\t\t<div class=\"elementor-element elementor-element-6d811fe0 elementor-widget elementor-widget-heading\" data-id=\"6d811fe0\" data-element_type=\"widget\" data-e-type=\"widget\" data-widget_type=\"heading.default\">\n\t\t\t\t<div class=\"elementor-widget-container\">\n\t\t\t\t\t<h2 class=\"elementor-heading-title elementor-size-default\">L'histoire se poursuit<\/h2>\t\t\t\t<\/div>\n\t\t\t\t<\/div>\n\t\t\t\t<div class=\"elementor-element elementor-element-9eea3e3 elementor-widget elementor-widget-text-editor\" data-id=\"9eea3e3\" data-element_type=\"widget\" data-e-type=\"widget\" data-widget_type=\"text-editor.default\">\n\t\t\t\t<div class=\"elementor-widget-container\">\n\t\t\t\t\t\t\t\t\t<p>Nous avons d\u00e9cid\u00e9 de r\u00e9aliser ce r\u00eave \u00e0 tiroir et avons repris le restaurant de l&rsquo;h\u00f4tel San Martino \u00e0 Porto Ronco, une voie qui nous a permis de grandir professionnellement et de pouvoir exprimer la gastronomie qui nous repr\u00e9sente.<\/p>\n<p>Apr\u00e8s quatre ans, le d\u00e9sir de ne pas s&rsquo;arr\u00eater nous am\u00e8ne \u00e0 la<br \/>\u00ab\u00a0Grotto al Ritrovo dai Fusetti\u00a0\u00bb, o\u00f9 nous avons trouv\u00e9 un endroit parfait pour donner plus d&rsquo;espace \u00e0 nos id\u00e9es.<\/p>\n\t\t\t\t\t\t\t\t<\/div>\n\t\t\t\t<\/div>\n\t\t\t\t\t<\/div>\n\t\t<\/div>\n\t\t\t\t<div class=\"elementor-column elementor-col-50 elementor-top-column elementor-element elementor-element-6e39d8ca\" data-id=\"6e39d8ca\" data-element_type=\"column\" data-e-type=\"column\">\n\t\t\t<div class=\"elementor-widget-wrap elementor-element-populated\">\n\t\t\t\t\t\t<div class=\"elementor-element elementor-element-5de5f1c elementor-widget elementor-widget-image-carousel\" data-id=\"5de5f1c\" data-element_type=\"widget\" data-e-type=\"widget\" data-settings=\"{&quot;slides_to_show&quot;:&quot;1&quot;,&quot;navigation&quot;:&quot;none&quot;,&quot;lazyload&quot;:&quot;yes&quot;,&quot;autoplay&quot;:&quot;yes&quot;,&quot;pause_on_hover&quot;:&quot;yes&quot;,&quot;pause_on_interaction&quot;:&quot;yes&quot;,&quot;autoplay_speed&quot;:5000,&quot;infinite&quot;:&quot;yes&quot;,&quot;effect&quot;:&quot;slide&quot;,&quot;speed&quot;:500}\" data-widget_type=\"image-carousel.default\">\n\t\t\t\t<div class=\"elementor-widget-container\">\n\t\t\t\t\t\t\t<div class=\"elementor-image-carousel-wrapper swiper\" role=\"region\" aria-roledescription=\"carousel\" aria-label=\"Carrousel d\u2019images\" dir=\"ltr\">\n\t\t\t<div class=\"elementor-image-carousel swiper-wrapper\" aria-live=\"off\">\n\t\t\t\t\t\t\t\t<div class=\"swiper-slide\" role=\"group\" aria-roledescription=\"slide\" aria-label=\"1 sur 3\"><figure class=\"swiper-slide-inner\"><img class=\"swiper-slide-image swiper-lazy\" data-src=\"https:\/\/grottoalritrovo.ch\/wp-content\/uploads\/sites\/60\/elementor\/thumbs\/172A7434-1-scaled-q8jggz4la86gr9xsfhp5h4jovbcjoq6bwcf89gd6yw.jpg\" alt=\"172A7434\" \/><div class=\"swiper-lazy-preloader\"><\/div><\/figure><\/div><div class=\"swiper-slide\" role=\"group\" aria-roledescription=\"slide\" aria-label=\"2 sur 3\"><figure class=\"swiper-slide-inner\"><img class=\"swiper-slide-image swiper-lazy\" data-src=\"https:\/\/grottoalritrovo.ch\/wp-content\/uploads\/sites\/60\/elementor\/thumbs\/entrataok-q8jgh109nw91ehv24iiem42m233a44dsklq780aemg.jpg\" alt=\"entrataok\" \/><div class=\"swiper-lazy-preloader\"><\/div><\/figure><\/div><div class=\"swiper-slide\" role=\"group\" aria-roledescription=\"slide\" aria-label=\"3 sur 3\"><figure class=\"swiper-slide-inner\"><img class=\"swiper-slide-image swiper-lazy\" data-src=\"https:\/\/grottoalritrovo.ch\/wp-content\/uploads\/sites\/60\/elementor\/thumbs\/172A7459-scaled-q8jggl10fpn5x4i9ptlqxq3ryja1h9mcuemy2ay3k8.jpg\" alt=\"172A7459\" \/><div class=\"swiper-lazy-preloader\"><\/div><\/figure><\/div>\t\t\t<\/div>\n\t\t\t\t\t\t\t\n\t\t\t\t\t\t\t\t\t<\/div>\n\t\t\t\t\t\t<\/div>\n\t\t\t\t<\/div>\n\t\t\t\t\t<\/div>\n\t\t<\/div>\n\t\t\t\t\t<\/div>\n\t\t<\/section>\n\t\t\t\t<\/div>\n\t\t","protected":false},"excerpt":{"rendered":"<p>Notre histoire Nous nous pr\u00e9sentons, nous sommes Elo\u00efse et Cristian Fusetti. Nous nous sommes rencontr\u00e9s en 2012 lorsque Cristian a commenc\u00e9 \u00e0 travailler \u00e0 Ascona, o\u00f9 Elo\u00efse travaillait d\u00e9j\u00e0. Nous avons tout de suite sympathis\u00e9 et, \u00e0 partir de l\u00e0, nous avons trouv\u00e9 un chemin commun dans la vie. En 2017, nous devenons, comme nous [&hellip;]<\/p>\n","protected":false},"author":1515,"featured_media":0,"parent":0,"menu_order":0,"comment_status":"closed","ping_status":"open","template":"elementor_header_footer","meta":{"_acf_changed":false,"_seopress_robots_primary_cat":"","_seopress_titles_title":"","_seopress_titles_desc":"","_seopress_robots_index":"","footnotes":""},"class_list":["post-1155","page","type-page","status-publish","hentry"],"acf":[],"_links":{"self":[{"href":"https:\/\/grottoalritrovo.ch\/fr\/wp-json\/wp\/v2\/pages\/1155","targetHints":{"allow":["GET"]}}],"collection":[{"href":"https:\/\/grottoalritrovo.ch\/fr\/wp-json\/wp\/v2\/pages"}],"about":[{"href":"https:\/\/grottoalritrovo.ch\/fr\/wp-json\/wp\/v2\/types\/page"}],"author":[{"embeddable":true,"href":"https:\/\/grottoalritrovo.ch\/fr\/wp-json\/wp\/v2\/users\/1515"}],"replies":[{"embeddable":true,"href":"https:\/\/grottoalritrovo.ch\/fr\/wp-json\/wp\/v2\/comments?post=1155"}],"version-history":[{"count":0,"href":"https:\/\/grottoalritrovo.ch\/fr\/wp-json\/wp\/v2\/pages\/1155\/revisions"}],"wp:attachment":[{"href":"https:\/\/grottoalritrovo.ch\/fr\/wp-json\/wp\/v2\/media?parent=1155"}],"curies":[{"name":"wp","href":"https:\/\/api.w.org\/{rel}","templated":true}]}}